{"id":22,"date":"2024-02-06T12:07:19","date_gmt":"2024-02-06T12:07:19","guid":{"rendered":"https:\/\/joanaoberg.com\/?page_id=22"},"modified":"2024-12-16T21:17:22","modified_gmt":"2024-12-16T21:17:22","slug":"exhibitions","status":"publish","type":"page","link":"https:\/\/joanaoberg.com\/index.php\/exhibitions\/","title":{"rendered":"Exhibitions"},"content":{"rendered":"\t\t<div data-elementor-type=\"wp-page\" data-elementor-id=\"22\" class=\"elementor elementor-22\">\n\t\t\t\t<div class=\"elementor-element elementor-element-9c3e566 e-flex e-con-boxed e-con e-parent\" data-id=\"9c3e566\" data-element_type=\"container\">\n\t\t\t\t\t<div class=\"e-con-inner\">\n\t\t<div class=\"elementor-element elementor-element-73d427d e-con-full e-flex e-con e-child\" data-id=\"73d427d\" data-element_type=\"container\">\n\t\t\t\t<div class=\"elementor-element elementor-element-f6afbd4 elementor-widget elementor-widget-text-editor\" data-id=\"f6afbd4\" data-element_type=\"widget\" data-widget_type=\"text-editor.default\">\n\t\t\t\t<div class=\"elementor-widget-container\">\n\t\t\t\t\t\t\t\t\t<p class=\"p1\">My art has been a part of both solo and group exhibitions, weaving together a narrative of exploration and connection through each displayed piece.\u00a0<\/p>\t\t\t\t\t\t\t\t<\/div>\n\t\t\t\t<\/div>\n\t\t\t\t<\/div>\n\t\t\t\t\t<\/div>\n\t\t\t\t<\/div>\n\t\t<div class=\"elementor-element elementor-element-e9255c9 e-flex e-con-boxed e-con e-parent\" data-id=\"e9255c9\" data-element_type=\"container\">\n\t\t\t\t\t<div class=\"e-con-inner\">\n\t\t<div class=\"elementor-element elementor-element-d308026 e-con-full e-flex e-con e-child\" data-id=\"d308026\" data-element_type=\"container\">\n\t\t\t\t<div class=\"elementor-element elementor-element-eb8a6da elementor-widget elementor-widget-heading\" data-id=\"eb8a6da\" data-element_type=\"widget\" data-widget_type=\"heading.default\">\n\t\t\t\t<div class=\"elementor-widget-container\">\n\t\t\t\t\t<h2 class=\"elementor-heading-title elementor-size-default\">2024<\/h2>\t\t\t\t<\/div>\n\t\t\t\t<\/div>\n\t\t\t\t<\/div>\n\t\t<div class=\"elementor-element elementor-element-baacd10 e-con-full e-flex e-con e-child\" data-id=\"baacd10\" data-element_type=\"container\">\n\t\t<div class=\"elementor-element elementor-element-72f1044 e-flex e-con-boxed e-con e-child\" data-id=\"72f1044\" data-element_type=\"container\">\n\t\t\t\t\t<div class=\"e-con-inner\">\n\t\t\t\t<div class=\"elementor-element elementor-element-77d5bf7 elementor-widget elementor-widget-text-editor\" data-id=\"77d5bf7\" data-element_type=\"widget\" data-widget_type=\"text-editor.default\">\n\t\t\t\t<div class=\"elementor-widget-container\">\n\t\t\t\t\t\t\t\t\tEmbassy of Brazil &#8211; Stockholm <\/Br> Nov 2024\n\n&nbsp;\t\t\t\t\t\t\t\t<\/div>\n\t\t\t\t<\/div>\n\t\t\t\t\t<\/div>\n\t\t\t\t<\/div>\n\t\t\t\t<\/div>\n\t\t\t\t\t<\/div>\n\t\t\t\t<\/div>\n\t\t<div class=\"elementor-element elementor-element-0e1bb6f e-flex e-con-boxed e-con e-parent\" data-id=\"0e1bb6f\" data-element_type=\"container\">\n\t\t\t\t\t<div class=\"e-con-inner\">\n\t\t<div class=\"elementor-element elementor-element-3a2fd71 e-con-full e-flex e-con e-child\" data-id=\"3a2fd71\" data-element_type=\"container\">\n\t\t\t\t<\/div>\n\t\t<div class=\"elementor-element elementor-element-273c582 e-con-full e-flex e-con e-child\" data-id=\"273c582\" data-element_type=\"container\">\n\t\t<div class=\"elementor-element elementor-element-68e878e e-flex e-con-boxed e-con e-child\" data-id=\"68e878e\" data-element_type=\"container\">\n\t\t\t\t\t<div class=\"e-con-inner\">\n\t\t\t\t<div class=\"elementor-element elementor-element-5c84856 elementor-widget elementor-widget-text-editor\" data-id=\"5c84856\" data-element_type=\"widget\" data-widget_type=\"text-editor.default\">\n\t\t\t\t<div class=\"elementor-widget-container\">\n\t\t\t\t\t\t\t\t\t<p>Konstrunda J\u00e4rf\u00e4lla &#8211; Sept 2024<\/p>\t\t\t\t\t\t\t\t<\/div>\n\t\t\t\t<\/div>\n\t\t\t\t\t<\/div>\n\t\t\t\t<\/div>\n\t\t\t\t<\/div>\n\t\t\t\t\t<\/div>\n\t\t\t\t<\/div>\n\t\t<div class=\"elementor-element elementor-element-2390dda e-flex e-con-boxed e-con e-parent\" data-id=\"2390dda\" data-element_type=\"container\">\n\t\t\t\t\t<div class=\"e-con-inner\">\n\t\t<div class=\"elementor-element elementor-element-7af0b59 e-con-full e-flex e-con e-child\" data-id=\"7af0b59\" data-element_type=\"container\">\n\t\t\t\t<div class=\"elementor-element elementor-element-68f5746 elementor-widget elementor-widget-heading\" data-id=\"68f5746\" data-element_type=\"widget\" data-widget_type=\"heading.default\">\n\t\t\t\t<div class=\"elementor-widget-container\">\n\t\t\t\t\t<h2 class=\"elementor-heading-title elementor-size-default\">2022<\/h2>\t\t\t\t<\/div>\n\t\t\t\t<\/div>\n\t\t\t\t<\/div>\n\t\t<div class=\"elementor-element elementor-element-2e7a187 e-con-full e-flex e-con e-child\" data-id=\"2e7a187\" data-element_type=\"container\">\n\t\t<div class=\"elementor-element elementor-element-a5eb79c e-flex e-con-boxed e-con e-child\" data-id=\"a5eb79c\" data-element_type=\"container\">\n\t\t\t\t\t<div class=\"e-con-inner\">\n\t\t\t\t<div class=\"elementor-element elementor-element-c771fa9 elementor-widget elementor-widget-text-editor\" data-id=\"c771fa9\" data-element_type=\"widget\" data-widget_type=\"text-editor.default\">\n\t\t\t\t<div class=\"elementor-widget-container\">\n\t\t\t\t\t\t\t\t\t<p>Konstrunda J\u00e4rf\u00e4lla<\/p>\t\t\t\t\t\t\t\t<\/div>\n\t\t\t\t<\/div>\n\t\t\t\t\t<\/div>\n\t\t\t\t<\/div>\n\t\t<div class=\"elementor-element elementor-element-80ca2dc e-flex e-con-boxed e-con e-child\" data-id=\"80ca2dc\" data-element_type=\"container\">\n\t\t\t\t\t<div class=\"e-con-inner\">\n\t\t\t\t<div class=\"elementor-element elementor-element-f75fc1e elementor-widget elementor-widget-text-editor\" data-id=\"f75fc1e\" data-element_type=\"widget\" data-widget_type=\"text-editor.default\">\n\t\t\t\t<div class=\"elementor-widget-container\">\n\t\t\t\t\t\t\t\t\t<p class=\"p1\">Group exhibition in G\u00f6teborg\/Torslanda\u00a0<\/p>\t\t\t\t\t\t\t\t<\/div>\n\t\t\t\t<\/div>\n\t\t\t\t\t<\/div>\n\t\t\t\t<\/div>\n\t\t\t\t<\/div>\n\t\t\t\t\t<\/div>\n\t\t\t\t<\/div>\n\t\t<div class=\"elementor-element elementor-element-8c132ea e-flex e-con-boxed e-con e-parent\" data-id=\"8c132ea\" data-element_type=\"container\">\n\t\t\t\t\t<div class=\"e-con-inner\">\n\t\t<div class=\"elementor-element elementor-element-a6595c5 e-con-full e-flex e-con e-child\" data-id=\"a6595c5\" data-element_type=\"container\">\n\t\t\t\t<div class=\"elementor-element elementor-element-587448e elementor-widget elementor-widget-heading\" data-id=\"587448e\" data-element_type=\"widget\" data-widget_type=\"heading.default\">\n\t\t\t\t<div class=\"elementor-widget-container\">\n\t\t\t\t\t<h2 class=\"elementor-heading-title elementor-size-default\">2019<\/h2>\t\t\t\t<\/div>\n\t\t\t\t<\/div>\n\t\t\t\t<\/div>\n\t\t<div class=\"elementor-element elementor-element-66ee0d3 e-con-full e-flex e-con e-child\" data-id=\"66ee0d3\" data-element_type=\"container\">\n\t\t<div class=\"elementor-element elementor-element-4c4f72e e-flex e-con-boxed e-con e-child\" data-id=\"4c4f72e\" data-element_type=\"container\">\n\t\t\t\t\t<div class=\"e-con-inner\">\n\t\t\t\t<div class=\"elementor-element elementor-element-c9922fc elementor-widget elementor-widget-text-editor\" data-id=\"c9922fc\" data-element_type=\"widget\" data-widget_type=\"text-editor.default\">\n\t\t\t\t<div class=\"elementor-widget-container\">\n\t\t\t\t\t\t\t\t\t<p>Konstrunda J\u00e4rf\u00e4lla<\/p>\t\t\t\t\t\t\t\t<\/div>\n\t\t\t\t<\/div>\n\t\t\t\t\t<\/div>\n\t\t\t\t<\/div>\n\t\t\t\t<\/div>\n\t\t\t\t\t<\/div>\n\t\t\t\t<\/div>\n\t\t<div class=\"elementor-element elementor-element-a543b18 e-flex e-con-boxed e-con e-parent\" data-id=\"a543b18\" data-element_type=\"container\">\n\t\t\t\t\t<div class=\"e-con-inner\">\n\t\t<div class=\"elementor-element elementor-element-d4e4697 e-con-full e-flex e-con e-child\" data-id=\"d4e4697\" data-element_type=\"container\">\n\t\t\t\t<div class=\"elementor-element elementor-element-7776520 elementor-widget elementor-widget-heading\" data-id=\"7776520\" data-element_type=\"widget\" data-widget_type=\"heading.default\">\n\t\t\t\t<div class=\"elementor-widget-container\">\n\t\t\t\t\t<h2 class=\"elementor-heading-title elementor-size-default\">2018<\/h2>\t\t\t\t<\/div>\n\t\t\t\t<\/div>\n\t\t\t\t<\/div>\n\t\t<div class=\"elementor-element elementor-element-3ce30f3 e-con-full e-flex e-con e-child\" data-id=\"3ce30f3\" data-element_type=\"container\">\n\t\t<div class=\"elementor-element elementor-element-d86f732 e-flex e-con-boxed e-con e-child\" data-id=\"d86f732\" data-element_type=\"container\">\n\t\t\t\t\t<div class=\"e-con-inner\">\n\t\t\t\t<div class=\"elementor-element elementor-element-e2bfd40 elementor-widget elementor-widget-text-editor\" data-id=\"e2bfd40\" data-element_type=\"widget\" data-widget_type=\"text-editor.default\">\n\t\t\t\t<div class=\"elementor-widget-container\">\n\t\t\t\t\t\t\t\t\t<p>Konstrunda J\u00e4rf\u00e4lla<\/p>\t\t\t\t\t\t\t\t<\/div>\n\t\t\t\t<\/div>\n\t\t\t\t\t<\/div>\n\t\t\t\t<\/div>\n\t\t\t\t<\/div>\n\t\t\t\t\t<\/div>\n\t\t\t\t<\/div>\n\t\t<div class=\"elementor-element elementor-element-4a15c79 e-flex e-con-boxed e-con e-parent\" data-id=\"4a15c79\" data-element_type=\"container\">\n\t\t\t\t\t<div class=\"e-con-inner\">\n\t\t<div class=\"elementor-element elementor-element-4db743e e-con-full e-flex e-con e-child\" data-id=\"4db743e\" data-element_type=\"container\">\n\t\t\t\t<div class=\"elementor-element elementor-element-560ba4a elementor-widget elementor-widget-heading\" data-id=\"560ba4a\" data-element_type=\"widget\" data-widget_type=\"heading.default\">\n\t\t\t\t<div class=\"elementor-widget-container\">\n\t\t\t\t\t<h2 class=\"elementor-heading-title elementor-size-default\">2017<\/h2>\t\t\t\t<\/div>\n\t\t\t\t<\/div>\n\t\t\t\t<\/div>\n\t\t<div class=\"elementor-element elementor-element-75fd2cd e-con-full e-flex e-con e-child\" data-id=\"75fd2cd\" data-element_type=\"container\">\n\t\t<div class=\"elementor-element elementor-element-bed0ff3 e-flex e-con-boxed e-con e-child\" data-id=\"bed0ff3\" data-element_type=\"container\">\n\t\t\t\t\t<div class=\"e-con-inner\">\n\t\t\t\t<div class=\"elementor-element elementor-element-9c481ea elementor-widget elementor-widget-text-editor\" data-id=\"9c481ea\" data-element_type=\"widget\" data-widget_type=\"text-editor.default\">\n\t\t\t\t<div class=\"elementor-widget-container\">\n\t\t\t\t\t\t\t\t\t<p>Konstrunda J\u00e4rf\u00e4lla<\/p>\t\t\t\t\t\t\t\t<\/div>\n\t\t\t\t<\/div>\n\t\t\t\t\t<\/div>\n\t\t\t\t<\/div>\n\t\t<div class=\"elementor-element elementor-element-635cc28 e-flex e-con-boxed e-con e-child\" data-id=\"635cc28\" data-element_type=\"container\">\n\t\t\t\t\t<div class=\"e-con-inner\">\n\t\t\t\t<div class=\"elementor-element elementor-element-b6f2ce9 elementor-widget elementor-widget-text-editor\" data-id=\"b6f2ce9\" data-element_type=\"widget\" data-widget_type=\"text-editor.default\">\n\t\t\t\t<div class=\"elementor-widget-container\">\n\t\t\t\t\t\t\t\t\t<p class=\"p1\">Solo exhibition\u00a0 \u00a0 &#8211;\u00a0 G\u00f6rv\u00e4lns Slott \/ Bl\u00e5 Paviljongen<\/p>\t\t\t\t\t\t\t\t<\/div>\n\t\t\t\t<\/div>\n\t\t\t\t\t<\/div>\n\t\t\t\t<\/div>\n\t\t<div class=\"elementor-element elementor-element-bc98db6 e-flex e-con-boxed e-con e-child\" data-id=\"bc98db6\" data-element_type=\"container\">\n\t\t\t\t\t<div class=\"e-con-inner\">\n\t\t\t\t<div class=\"elementor-element elementor-element-040c4e0 elementor-widget elementor-widget-text-editor\" data-id=\"040c4e0\" data-element_type=\"widget\" data-widget_type=\"text-editor.default\">\n\t\t\t\t<div class=\"elementor-widget-container\">\n\t\t\t\t\t\t\t\t\t<p class=\"p1\">Group exhibition &#8211;\u00a0 J\u00e4rf\u00e4lla Konstrunda<\/p>\t\t\t\t\t\t\t\t<\/div>\n\t\t\t\t<\/div>\n\t\t\t\t\t<\/div>\n\t\t\t\t<\/div>\n\t\t<div class=\"elementor-element elementor-element-eaa39a4 e-flex e-con-boxed e-con e-child\" data-id=\"eaa39a4\" data-element_type=\"container\">\n\t\t\t\t\t<div class=\"e-con-inner\">\n\t\t\t\t<div class=\"elementor-element elementor-element-398d963 elementor-widget elementor-widget-text-editor\" data-id=\"398d963\" data-element_type=\"widget\" data-widget_type=\"text-editor.default\">\n\t\t\t\t<div class=\"elementor-widget-container\">\n\t\t\t\t\t\t\t\t\t<p class=\"p1\">Group exhibition &#8211;<\/p><p class=\"p1\">Ponte Cultural\u00a0 Brazil Sweden<\/p>\t\t\t\t\t\t\t\t<\/div>\n\t\t\t\t<\/div>\n\t\t\t\t\t<\/div>\n\t\t\t\t<\/div>\n\t\t<div class=\"elementor-element elementor-element-d997eab e-flex e-con-boxed e-con e-child\" data-id=\"d997eab\" data-element_type=\"container\">\n\t\t\t\t\t<div class=\"e-con-inner\">\n\t\t\t\t<div class=\"elementor-element elementor-element-125b80e elementor-widget elementor-widget-text-editor\" data-id=\"125b80e\" data-element_type=\"widget\" data-widget_type=\"text-editor.default\">\n\t\t\t\t<div class=\"elementor-widget-container\">\n\t\t\t\t\t\t\t\t\t<p class=\"p1\">Group exhibition &#8211;<\/p><p class=\"p1\">J\u00e4rf\u00e4lla V\u00e5rsalongen<\/p>\t\t\t\t\t\t\t\t<\/div>\n\t\t\t\t<\/div>\n\t\t\t\t\t<\/div>\n\t\t\t\t<\/div>\n\t\t\t\t<\/div>\n\t\t\t\t\t<\/div>\n\t\t\t\t<\/div>\n\t\t<div class=\"elementor-element elementor-element-9c6dd2a e-flex e-con-boxed e-con e-parent\" data-id=\"9c6dd2a\" data-element_type=\"container\">\n\t\t\t\t\t<div class=\"e-con-inner\">\n\t\t<div class=\"elementor-element elementor-element-4c7cca1 e-con-full e-flex e-con e-child\" data-id=\"4c7cca1\" data-element_type=\"container\">\n\t\t\t\t<div class=\"elementor-element elementor-element-248a4de elementor-widget elementor-widget-heading\" data-id=\"248a4de\" data-element_type=\"widget\" data-widget_type=\"heading.default\">\n\t\t\t\t<div class=\"elementor-widget-container\">\n\t\t\t\t\t<h2 class=\"elementor-heading-title elementor-size-default\">2016<\/h2>\t\t\t\t<\/div>\n\t\t\t\t<\/div>\n\t\t\t\t<\/div>\n\t\t<div class=\"elementor-element elementor-element-fc4ceb2 e-con-full e-flex e-con e-child\" data-id=\"fc4ceb2\" data-element_type=\"container\">\n\t\t<div class=\"elementor-element elementor-element-51eb951 e-flex e-con-boxed e-con e-child\" data-id=\"51eb951\" data-element_type=\"container\">\n\t\t\t\t\t<div class=\"e-con-inner\">\n\t\t\t\t<div class=\"elementor-element elementor-element-899f624 elementor-widget elementor-widget-text-editor\" data-id=\"899f624\" data-element_type=\"widget\" data-widget_type=\"text-editor.default\">\n\t\t\t\t<div class=\"elementor-widget-container\">\n\t\t\t\t\t\t\t\t\t<p class=\"p1\">Brazilian Day in Stockholm, Sweden<\/p>\t\t\t\t\t\t\t\t<\/div>\n\t\t\t\t<\/div>\n\t\t\t\t\t<\/div>\n\t\t\t\t<\/div>\n\t\t\t\t<\/div>\n\t\t\t\t\t<\/div>\n\t\t\t\t<\/div>\n\t\t\t\t<\/div>\n\t\t","protected":false},"excerpt":{"rendered":"<p>My art has been a part of both solo and group exhibitions, weaving together a narrative of exploration and connection through each displayed piece.\u00a0 2024 Embassy of Brazil &#8211; Stockholm Nov 2024 &nbsp; Konstrunda J\u00e4rf\u00e4lla &#8211; Sept 2024 2022 Konstrunda J\u00e4rf\u00e4lla Group exhibition in G\u00f6teborg\/Torslanda\u00a0 2019 Konstrunda J\u00e4rf\u00e4lla 2018 Konstrunda J\u00e4rf\u00e4lla 2017 Konstrunda J\u00e4rf\u00e4lla Solo [&hellip;]<\/p>\n","protected":false},"author":1,"featured_media":0,"parent":0,"menu_order":0,"comment_status":"closed","ping_status":"closed","template":"","meta":{"_monsterinsights_skip_tracking":false,"_monsterinsights_sitenote_active":false,"_monsterinsights_sitenote_note":"","_monsterinsights_sitenote_category":0,"footnotes":""},"aioseo_notices":[],"_links":{"self":[{"href":"https:\/\/joanaoberg.com\/index.php\/wp-json\/wp\/v2\/pages\/22"}],"collection":[{"href":"https:\/\/joanaoberg.com\/index.php\/wp-json\/wp\/v2\/pages"}],"about":[{"href":"https:\/\/joanaoberg.com\/index.php\/wp-json\/wp\/v2\/types\/page"}],"author":[{"embeddable":true,"href":"https:\/\/joanaoberg.com\/index.php\/wp-json\/wp\/v2\/users\/1"}],"replies":[{"embeddable":true,"href":"https:\/\/joanaoberg.com\/index.php\/wp-json\/wp\/v2\/comments?post=22"}],"version-history":[{"count":16,"href":"https:\/\/joanaoberg.com\/index.php\/wp-json\/wp\/v2\/pages\/22\/revisions"}],"predecessor-version":[{"id":394,"href":"https:\/\/joanaoberg.com\/index.php\/wp-json\/wp\/v2\/pages\/22\/revisions\/394"}],"wp:attachment":[{"href":"https:\/\/joanaoberg.com\/index.php\/wp-json\/wp\/v2\/media?parent=22"}],"curies":[{"name":"wp","href":"https:\/\/api.w.org\/{rel}","templated":true}]}}